{"id":91,"date":"2025-11-01T06:40:11","date_gmt":"2025-11-01T05:40:11","guid":{"rendered":"http:\/\/agrimo-demo.pbminfotech.com\/demo1\/?page_id=3308"},"modified":"2026-03-17T17:00:59","modified_gmt":"2026-03-17T16:00:59","slug":"sobre-nosotros","status":"publish","type":"page","link":"https:\/\/juniorfresh.es\/en\/sobre-nosotros\/","title":{"rendered":"about us"},"content":{"rendered":"<div data-elementor-type=\"wp-page\" data-elementor-id=\"91\" class=\"elementor elementor-91\">\n\t\t\t\t\t\t<section class=\"elementor-section elementor-top-section elementor-element elementor-element-477e50e pbmit-col-stretched-none pbmit-bg-color-over-image elementor-section-boxed elementor-section-height-default elementor-section-height-default\" data-id=\"477e50e\" data-element_type=\"section\">\n\t\t\t\t\t\t<div class=\"elementor-container elementor-column-gap-no\">\n\t\t\t\t\t<div class=\"elementor-column elementor-col-50 elementor-top-column elementor-element elementor-element-2d65590 pbmit-bg-color-over-image\" data-id=\"2d65590\" data-element_type=\"column\" data-settings=\"{&quot;background_background&quot;:&quot;classic&quot;}\">\n\t\t\t<div class=\"elementor-widget-wrap elementor-element-populated\">\n\t\t\t\t\t\t<div class=\"elementor-element elementor-element-206cca9 elementor-widget elementor-widget-spacer\" data-id=\"206cca9\" data-element_type=\"widget\" data-widget_type=\"spacer.default\">\n\t\t\t\t<div class=\"elementor-widget-container\">\n\t\t\t\t\t<div class=\"elementor-spacer\">\n\t\t\t<div class=\"elementor-spacer-inner\"><\/div>\n\t\t<\/div>\n\t\t\t\t<\/div>\n\t\t\t\t<\/div>\n\t\t\t\t\t<\/div>\n\t\t<\/div>\n\t\t\t\t<div class=\"elementor-column elementor-col-50 elementor-top-column elementor-element elementor-element-803edba pbmit-bg-color-over-image\" data-id=\"803edba\" data-element_type=\"column\">\n\t\t\t<div class=\"elementor-widget-wrap elementor-element-populated\">\n\t\t\t\t\t\t<div class=\"elementor-element elementor-element-e5ad322 elementor-widget elementor-widget-pbmit_heading\" data-id=\"e5ad322\" data-element_type=\"widget\" data-widget_type=\"pbmit_heading.default\">\n\t\t\t\t<div class=\"elementor-widget-container\">\n\t\t\t <div class=\"pbmit-heading-subheading pbmit-heading-subheading-style-1 pbmit-reverse-heading-yes animation-style4\"><h4 class=\"pbmit-element-subtitle\"><span>\r\n\t\t\t\t<\/span>\r\n\t\t\t\t\r\n\t\t\t\t\tWho we are\r\n\t\t\t\t\r\n\t\t\t\t<\/h4>\r\n\t\t\t<h2 class=\"pbmit-element-title\">\r\n\t\t\t\t\r\n\t\t\t\t\tJunior Fresh's vision\r\n\t\t\t\t\r\n\t\t\t\t<\/h2>\r\n\t\t\t<div class=\"pbmit-heading-desc translation-block\">We are a leading company in the export of fruits and vegetables, committed to offering products of the highest quality, from their origin to their destination. As exporting agents and traders, we work hand in hand with trusted partners to carefully select the best fruit and vegetables, prepare them, and pack them with precision.<\/div><\/div>\t\t<\/div>\n\t\t\t\t<\/div>\n\t\t\t\t<section class=\"elementor-section elementor-inner-section elementor-element elementor-element-cb0e8b5 pbmit-col-stretched-none pbmit-bg-color-over-image elementor-section-boxed elementor-section-height-default elementor-section-height-default\" data-id=\"cb0e8b5\" data-element_type=\"section\">\n\t\t\t\t\t\t<div class=\"elementor-container elementor-column-gap-no\">\n\t\t\t\t\t<div class=\"elementor-column elementor-col-100 elementor-inner-column elementor-element elementor-element-84a9c95 pbmit-bg-color-over-image\" data-id=\"84a9c95\" data-element_type=\"column\">\n\t\t\t<div class=\"elementor-widget-wrap elementor-element-populated\">\n\t\t\t\t\t\t<div class=\"elementor-element elementor-element-2911f17 pbmit-btn-color-secondary pbmit-btn-hover-color-globalcolor pbmit-btn-shape-rounded pbmit-btn-style-flat pbmit-btn-magnatic-yes elementor-widget elementor-widget-button\" data-id=\"2911f17\" data-element_type=\"widget\" data-widget_type=\"button.default\">\n\t\t\t\t<div class=\"elementor-widget-container\">\n\t\t\t\t\t\t\t<div class=\"elementor-button-wrapper\">\n\t\t\t\t\t<a class=\"elementor-button elementor-button-link elementor-size-sm\" href=\"https:\/\/juniorfresh.es\/en\/contacto\/\">\n\t\t\t\t\t\t<span class=\"elementor-button-content-wrapper\">\n\t\t\t\t\t\t<span class=\"elementor-button-icon\">\n\t\t\t\t<svg xmlns=\"http:\/\/www.w3.org\/2000\/svg\" width=\"22.76\" height=\"22.76\" viewbox=\"0 0 22.76 22.76\"><title>black-arrow<\/title><path d=\"M22.34,1A14.67,14.67,0,0,1,12,5.3,14.6,14.6,0,0,1,6.08,4.06,14.68,14.68,0,0,1,1.59,1\" transform=\"translate(-0.29 -0.29)\" fill=\"none\" stroke=\"#000\" stroke-width=\"2\"><\/path><path d=\"M22.34,1a14.67,14.67,0,0,0,0,20.75\" transform=\"translate(-0.29 -0.29)\" fill=\"none\" stroke=\"#000\" stroke-width=\"2\"><\/path><path d=\"M22.34,1,1,22.34\" transform=\"translate(-0.29 -0.29)\" fill=\"none\" stroke=\"#000\" stroke-width=\"2\"><\/path><\/svg>\t\t\t<\/span>\n\t\t\t\t\t\t\t\t\t<span class=\"elementor-button-text\">more<\/span>\n\t\t\t\t\t<\/span>\n\t\t\t\t\t<\/a>\n\t\t\t\t<\/div>\n\t\t\t\t\t\t<\/div>\n\t\t\t\t<\/div>\n\t\t\t\t\t<\/div>\n\t\t<\/div>\n\t\t\t\t\t<\/div>\n\t\t<\/section>\n\t\t\t\t\t<\/div>\n\t\t<\/div>\n\t\t\t\t\t<\/div>\n\t\t<\/section>\n\t\t\t\t<div class=\"elementor-section elementor-top-section elementor-element elementor-element-d706627 elementor-section-full_width elementor-section-stretched pbmit-col-stretched-none pbmit-bg-color-over-image elementor-section-height-default elementor-section-height-default\" data-id=\"d706627\" data-element_type=\"section\" data-settings=\"{&quot;stretch_section&quot;:&quot;section-stretched&quot;}\">\n\t\t\t\t\t\t<div class=\"elementor-container elementor-column-gap-no\">\n\t\t\t\t\t<div class=\"elementor-column elementor-col-100 elementor-top-column elementor-element elementor-element-2fda20c pbmit-bg-color-over-image\" data-id=\"2fda20c\" data-element_type=\"column\">\n\t\t\t<div class=\"elementor-widget-wrap elementor-element-populated\">\n\t\t\t\t\t\t<div class=\"elementor-element elementor-element-c1149e7 elementor-widget elementor-widget-pbmit_marquee_effect_element\" data-id=\"c1149e7\" data-element_type=\"widget\" data-widget_type=\"pbmit_marquee_effect_element.default\">\n\t\t\t\t<div class=\"elementor-widget-container\">\n\t\t\t<style>.elementor-element-c1149e7{display:none !important}<\/style>\t\t<\/div>\n\t\t\t\t<\/div>\n\t\t\t\t<div class=\"elementor-element elementor-element-ca41f04 elementor-widget elementor-widget-pbmit_marquee_effect_element\" data-id=\"ca41f04\" data-element_type=\"widget\" data-widget_type=\"pbmit_marquee_effect_element.default\">\n\t\t\t\t<div class=\"elementor-widget-container\">\n\t\t\t\t\t\t\t<div class=\"pbminfotech-element\t\t\tpbminfotech-element-marquee-effect\t\t\tpbmit-element-marquee-effect-style-1\t\t\tpbmit-element-viewtype-row-column\t\t\tpbmit-element-column-three\t\t\tpbmit-element-sticky-carousel-false\t\t\tpbmit-element-caroursel-dot-false\t\t\tpbmit-infinite-scroll-no\t\t\tpbmit-infinite-scroll-button-no\"\r\n\t\t\tdata-cpt=\"marquee-effect\"\r\n\t\t\tdata-totalpagination=\"1\"\r\n\t\t\tdata-style=\"1\"\r\n\t\t\tdata-show=\"3\"\r\n\t\t\tdata-columns=\"3\"\r\n\t\t\tdata-loop=\"false\"\r\n\t\t\tdata-autoplay=\"false\"\r\n\t\t\tdata-center=\"false\"\r\n\t\t\tdata-nav=\"false\"\r\n\t\t\tdata-dots=\"false\"\r\n\t\t\tdata-reverse=\"false\"\r\n\t\t\tdata-speed=\"1000\"\r\n\t\t\tdata-delay=\"4000\"\r\n\t\t\tdata-margin=\"\"\r\n\t\t\tdata-show-portion=\"false\">\r\n\t\t\t<div class=\"pbmit-element-inner\">\r\n\t\t\t\t<div class=\"pbmit-marquee-effect-section\">\t\t\r\n\t\t\t<div class=\"pbmit-marquee-container pbmit-tag-top pbmit-element-posts-wrapper swiper-container\">\r\n\t\t\t\t<article class=\"pbmit-ele pbmit-ele-marquee-effect pbmit-marquee-effect-style-1\"><div class=\"pbmit-tag-wrapper\">\r\n\t<h2 class=\"pbmit-element-title\" data-text=\"Experience\">\r\n\t\t\t\t\t\t\tExperience\r\n\t\t\t\t\t\t<\/h2><\/div><\/article><article class=\"pbmit-ele pbmit-ele-marquee-effect pbmit-marquee-effect-style-1\"><div class=\"pbmit-tag-wrapper\">\r\n\t<h2 class=\"pbmit-element-title\" data-text=\"People\">\r\n\t\t\t\t\t\t\tPeople\r\n\t\t\t\t\t\t<\/h2><\/div><\/article><article class=\"pbmit-ele pbmit-ele-marquee-effect pbmit-marquee-effect-style-1\"><div class=\"pbmit-tag-wrapper\">\r\n\t<h2 class=\"pbmit-element-title\" data-text=\"Flavour\">\r\n\t\t\t\t\t\t\tFlavour\r\n\t\t\t\t\t\t<\/h2><\/div><\/article><article class=\"pbmit-ele pbmit-ele-marquee-effect pbmit-marquee-effect-style-1\"><div class=\"pbmit-tag-wrapper\">\r\n\t<h2 class=\"pbmit-element-title\" data-text=\"Quality\">\r\n\t\t\t\t\t\t\tQuality\r\n\t\t\t\t\t\t<\/h2><\/div><\/article>\t\t\t<\/div>\r\n\t\t<\/div>\r\n\t\t\t\t\t<\/div><!-- .pbmit-element-inner -->\r\n\t\t<\/div><!-- .pbminfotech-element -->\r\n\t\t\t\t\t\t<\/div>\n\t\t\t\t<\/div>\n\t\t\t\t\t<\/div>\n\t\t<\/div>\n\t\t\t\t\t<\/div>\n\t\t<\/div>\n\t\t\t\t<div class=\"elementor-section elementor-top-section elementor-element elementor-element-ad3b9b6 pbmit-col-stretched-none pbmit-bg-color-over-image elementor-section-boxed elementor-section-height-default elementor-section-height-default\" data-id=\"ad3b9b6\" data-element_type=\"section\">\n\t\t\t\t\t\t<div class=\"elementor-container elementor-column-gap-no\">\n\t\t\t\t\t<div class=\"elementor-column elementor-col-100 elementor-top-column elementor-element elementor-element-9096302 pbmit-bg-color-over-image\" data-id=\"9096302\" data-element_type=\"column\" data-settings=\"{&quot;background_background&quot;:&quot;classic&quot;}\">\n\t\t\t<div class=\"elementor-widget-wrap elementor-element-populated\">\n\t\t\t\t\t\t<section class=\"elementor-section elementor-inner-section elementor-element elementor-element-7f1b848 pbmit-col-stretched-none pbmit-bg-color-over-image elementor-section-boxed elementor-section-height-default elementor-section-height-default\" data-id=\"7f1b848\" data-element_type=\"section\" data-settings=\"{&quot;background_background&quot;:&quot;classic&quot;}\">\n\t\t\t\t\t\t<div class=\"elementor-container elementor-column-gap-no\">\n\t\t\t\t\t<div class=\"elementor-column elementor-col-50 elementor-inner-column elementor-element elementor-element-cea0624 pbmit-bg-color-over-image\" data-id=\"cea0624\" data-element_type=\"column\" data-settings=\"{&quot;background_background&quot;:&quot;classic&quot;}\">\n\t\t\t<div class=\"elementor-widget-wrap elementor-element-populated\">\n\t\t\t\t\t\t<div class=\"elementor-element elementor-element-aaba683 elementor-widget elementor-widget-spacer\" data-id=\"aaba683\" data-element_type=\"widget\" data-widget_type=\"spacer.default\">\n\t\t\t\t<div class=\"elementor-widget-container\">\n\t\t\t\t\t<div class=\"elementor-spacer\">\n\t\t\t<div class=\"elementor-spacer-inner\"><\/div>\n\t\t<\/div>\n\t\t\t\t<\/div>\n\t\t\t\t<\/div>\n\t\t\t\t\t<\/div>\n\t\t<\/div>\n\t\t\t\t<div class=\"elementor-column elementor-col-50 elementor-inner-column elementor-element elementor-element-2687d68 pbmit-bg-color-yes pbmit-elementor-bg-color-globalcolor pbmit-bg-image-over-color\" data-id=\"2687d68\" data-element_type=\"column\" data-settings=\"{&quot;background_background&quot;:&quot;classic&quot;}\">\n\t\t\t<div class=\"elementor-widget-wrap elementor-element-populated\">\n\t\t\t\t\t\t<div class=\"elementor-element elementor-element-5e2f53a elementor-widget elementor-widget-pbmit_heading\" data-id=\"5e2f53a\" data-element_type=\"widget\" data-widget_type=\"pbmit_heading.default\">\n\t\t\t\t<div class=\"elementor-widget-container\">\n\t\t\t <div class=\"pbmit-heading-subheading pbmit-heading-subheading-style-1 pbmit-reverse-heading-yes animation-style4\"><h4 class=\"pbmit-element-subtitle\"><span>\r\n\t\t\t\t<\/span>\r\n\t\t\t\t\r\n\t\t\t\t\tWhere we are\r\n\t\t\t\t\r\n\t\t\t\t<\/h4>\r\n\t\t\t<h2 class=\"pbmit-element-title\">\r\n\t\t\t\t\r\n\t\t\t\t\tOur site\r\n\t\t\t\t\r\n\t\t\t\t<\/h2>\r\n\t\t\t<div class=\"pbmit-heading-desc\">Since 2006 we have been located in Picassent, the heart of the citrus growing area in Valencia.\n\nClose to our main suppliers, allowing us to oversee the entire process: from the field to the warehouse<\/div><\/div>\t\t<\/div>\n\t\t\t\t<\/div>\n\t\t\t\t<div class=\"elementor-element elementor-element-0b111e8 elementor-widget__width-initial map-color elementor-widget elementor-widget-pbmit_icon_heading\" data-id=\"0b111e8\" data-element_type=\"widget\" data-widget_type=\"pbmit_icon_heading.default\">\n\t\t\t\t<div class=\"elementor-widget-container\">\n\t\t\t<div class=\"pbmit-ihbox pbmit-ihbox-style-8\"><div class=\"pbmit-ihbox-box d-flex align-items-center\">\t\r\n\t<div class=\"pbmit-ihbox-svg\"><div class=\"pbmit-ihbox-svg-wrapper\"><svg xmlns=\"http:\/\/www.w3.org\/2000\/svg\" width=\"36\" height=\"33\" viewbox=\"0 0 36 33\"><g><path id=\"Vector\" d=\"M25.5 7.52534C25.5 10.9494 20.9312 17.0512 18.925 19.5094C18.4437 20.1679 17.5563 20.1679 17.075 19.5094C15.0688 17.0512 10.5 10.9494 10.5 7.52534C10.5 3.36947 13.8562 0 18 0C22.1437 0 25.5 3.36947 25.5 7.52534ZM18 2.00676C14.9625 2.00676 12.5 4.47758 12.5 7.52534C12.5 7.9894 12.6687 8.71685 13.0875 9.66379C13.4937 10.686 14.0688 11.7521 14.7375 12.837C15.8063 14.5803 17.0438 16.2673 18 17.5027C18.9562 16.2673 20.1938 14.5803 21.2625 12.837C21.9313 11.7521 22.5063 10.686 22.9125 9.66379C23.3313 8.71685 23.5 7.9894 23.5 7.52534C23.5 4.47758 21.0375 2.00676 18 2.00676ZM26.575 11.3319L33.9437 8.37194C34.9312 7.97686 36 8.70431 36 9.7704V26.7526C36 27.3671 35.625 27.919 35.0563 28.151L25.3687 32.0391C25.1625 32.1206 24.9375 32.1332 24.725 32.0705L11.0562 28.151L2.05687 31.7632C1.07187 32.1583 0 31.4308 0 30.3647V13.3826C0 12.768 0.373438 12.2161 0.943125 11.9841L8.64375 8.89871C8.775 9.55091 8.975 10.2031 9.21875 10.8239L2 13.7212V29.6247L10 26.4139V19.0642C10 18.5123 10.45 18.0608 11 18.0608C11.55 18.0608 12 18.5123 12 19.0642V26.3324L24 29.7752V19.0077C24 18.5123 24.45 18.0044 25 18.0044C25.55 18.0044 26 18.5123 26 19.0077V29.6247L34 26.4139V10.5104L25.3687 13.9783C25.3188 13.9971 25.2687 14.0097 25.2125 14.0222C25.725 13.138 26.1938 12.2224 26.575 11.3319Z\"><\/path><\/g><defs><\/defs><\/svg><\/div><\/div>\t<div class=\"pbmit-ihbox-contents\">\r\n\t\t<h2 class=\"pbmit-element-title\">Address<\/h2>\t\t\t\t<div class=\"pbmit-heading-desc\">Plaza Amadeo Lerma, 5 - Bajo 1, Picassent, 46220, Valencia           <\/div>\t\t\t<\/div>\r\n<\/div><\/div>\t\t<\/div>\n\t\t\t\t<\/div>\n\t\t\t\t\t<\/div>\n\t\t<\/div>\n\t\t\t\t\t<\/div>\n\t\t<\/section>\n\t\t\t\t\t<\/div>\n\t\t<\/div>\n\t\t\t\t\t<\/div>\n\t\t<\/div>\n\t\t\t\t<section class=\"elementor-section elementor-top-section elementor-element elementor-element-c7d9af6 pbmit-col-stretched-none pbmit-bg-color-over-image elementor-section-boxed elementor-section-height-default elementor-section-height-default\" data-id=\"c7d9af6\" data-element_type=\"section\">\n\t\t\t\t\t\t<div class=\"elementor-container elementor-column-gap-no\">\n\t\t\t\t\t<div class=\"elementor-column elementor-col-100 elementor-top-column elementor-element elementor-element-d6e7b25 pbmit-bg-color-over-image\" data-id=\"d6e7b25\" data-element_type=\"column\">\n\t\t\t<div class=\"elementor-widget-wrap elementor-element-populated\">\n\t\t\t\t\t\t<div class=\"elementor-element elementor-element-1bcdf01 elementor-widget elementor-widget-pbmit_multiple_icon_heading\" data-id=\"1bcdf01\" data-element_type=\"widget\" data-widget_type=\"pbmit_multiple_icon_heading.default\">\n\t\t\t\t<div class=\"elementor-widget-container\">\n\t\t\t\t\t<div class=\"pbminfotech-element\t\t\tpbminfotech-element-miconheading\t\t\tpbmit-element-miconheading-style-9\t\t\tpbmit-element-viewtype-carousel\t\t\tpbmit-element-column-four\t\t\tpbmit-element-sticky-carousel-false\t\t\tpbmit-element-caroursel-dot-false\t\t\tpbmit-infinite-scroll-no\t\t\tpbmit-infinite-scroll-button-no\t\t\tpbminfotech-gap-0px\"\r\n\t\t\tdata-cpt=\"miconheading\"\r\n\t\t\tdata-totalpagination=\"1\"\r\n\t\t\tdata-style=\"9\"\r\n\t\t\tdata-show=\"3\"\r\n\t\t\tdata-columns=\"4\"\r\n\t\t\tdata-loop=\"true\"\r\n\t\t\tdata-autoplay=\"true\"\r\n\t\t\tdata-center=\"false\"\r\n\t\t\tdata-nav=\"false\"\r\n\t\t\tdata-dots=\"false\"\r\n\t\t\tdata-reverse=\"false\"\r\n\t\t\tdata-speed=\"1000\"\r\n\t\t\tdata-delay=\"4000\"\r\n\t\t\tdata-margin=\"0px\"\r\n\t\t\tdata-show-portion=\"false\">\r\n\t\t\t<div class=\"pbmit-element-inner\">\r\n\t\t\t\t<div class=\"pbmit-ele-header-area\">\r\n\t\t\t <div class=\"pbmit-heading-subheading pbmit-heading-subheading-style-2  animation-style4\"><div class=\"pbmit-hs-left\"><h4 class=\"pbmit-element-subtitle\"><span>\r\n\t\t\t\t<\/span>\r\n\t\t\t\t\r\n\t\t\t\t\tOur history\r\n\t\t\t\t\r\n\t\t\t\t<\/h4>\r\n\t\t\t<h2 class=\"pbmit-element-title\">\r\n\t\t\t\t\r\n\t\t\t\t\tSince 1989 in the fruit and vegetable sector\r\n\t\t\t\t\r\n\t\t\t\t<\/h2>\r\n\t\t\t<\/div><div class=\"pbmit-hs-right\"><div class=\"pbmit-heading-desc\">A brief journey through our history to discover the milestones that have marked our path and made us leaders in the export of fruits and vegetables.<\/div><\/div><\/div>\t\t<\/div>\r\n\t\t\t\t<div class=\"pbmit-ihbox-line\"> \r\n\t\t\t\t<div class=\"pbmit-element-posts-wrapper row multi-columns-row swiper-container\">\r\n\t\t\t<article class=\"pbmit-ele pbmit-ele-miconheading pbmit-miconheading-style-9 col-md-6 col-lg-3\">\t\t\t\t\t\t<div class=\"pbmit-ihbox pbmit-ihbox-style-9\">\r\n\t\t\t\t\t\t\t<div class=\"pbmit-ihbox-headingicon\">\r\n\t<div class=\"pbmit-ihbox-icon\"><div class=\"pbmit-ihbox-icon-wrapper pbmit-ihbox-icon-type-text\">1989<\/div><\/div>\t<div class=\"pbmit-ihbox-contents\">\r\n\t\t<h2 class=\"pbmit-element-title\">\r\n\t\t\t\t\t\t\t\t\r\n\t\t\t\t\t\t\t\t\tBeginning\r\n\t\t\t\t\t\t\t\t\r\n\t\t\t\t\t\t\t\t<\/h2>\r\n\t\t\t\t\t\t\t\t\t\t\t<div class=\"pbmit-heading-desc\">We were founded in 1989 as Van Dijk Espa\u00f1a, S.A.<\/div>\t\r\n\t<\/div>\r\n\t<\/div> \t\r\n\t\t\t\t\t\t<\/div>\r\n\t\t\t\t\t<\/article><article class=\"pbmit-ele pbmit-ele-miconheading pbmit-miconheading-style-9 col-md-6 col-lg-3\">\t\t\t\t\t\t<div class=\"pbmit-ihbox pbmit-ihbox-style-9\">\r\n\t\t\t\t\t\t\t<div class=\"pbmit-ihbox-headingicon\">\r\n\t<div class=\"pbmit-ihbox-icon\"><div class=\"pbmit-ihbox-icon-wrapper pbmit-ihbox-icon-type-text\">1997<\/div><\/div>\t<div class=\"pbmit-ihbox-contents\">\r\n\t\t<h2 class=\"pbmit-element-title\">\r\n\t\t\t\t\t\t\t\t\r\n\t\t\t\t\t\t\t\t\tWarehouse\r\n\t\t\t\t\t\t\t\t\r\n\t\t\t\t\t\t\t\t<\/h2>\r\n\t\t\t\t\t\t\t\t\t\t\t<div class=\"pbmit-heading-desc\">In 1997 we opened our facilities in the Carlet Industrial Estate.<\/div>\t\r\n\t<\/div>\r\n\t<\/div> \t\r\n\t\t\t\t\t\t<\/div>\r\n\t\t\t\t\t<\/article><article class=\"pbmit-ele pbmit-ele-miconheading pbmit-miconheading-style-9 col-md-6 col-lg-3\">\t\t\t\t\t\t<div class=\"pbmit-ihbox pbmit-ihbox-style-9\">\r\n\t\t\t\t\t\t\t<div class=\"pbmit-ihbox-headingicon\">\r\n\t<div class=\"pbmit-ihbox-icon\"><div class=\"pbmit-ihbox-icon-wrapper pbmit-ihbox-icon-type-text\">2002<\/div><\/div>\t<div class=\"pbmit-ihbox-contents\">\r\n\t\t<h2 class=\"pbmit-element-title\">\r\n\t\t\t\t\t\t\t\t\r\n\t\t\t\t\t\t\t\t\tGreenery Espa\u00f1a\r\n\t\t\t\t\t\t\t\t\r\n\t\t\t\t\t\t\t\t<\/h2>\r\n\t\t\t\t\t\t\t\t\t\t\t<div class=\"pbmit-heading-desc\">In 2002 we integrated into The Greenery B.V. group as Greenery Espa\u00f1a, S.A.U<\/div>\t\r\n\t<\/div>\r\n\t<\/div> \t\r\n\t\t\t\t\t\t<\/div>\r\n\t\t\t\t\t<\/article><article class=\"pbmit-ele pbmit-ele-miconheading pbmit-miconheading-style-9 col-md-6 col-lg-3\">\t\t\t\t\t\t<div class=\"pbmit-ihbox pbmit-ihbox-style-9\">\r\n\t\t\t\t\t\t\t<div class=\"pbmit-ihbox-headingicon\">\r\n\t<div class=\"pbmit-ihbox-icon\"><div class=\"pbmit-ihbox-icon-wrapper pbmit-ihbox-icon-type-text\">2006<\/div><\/div>\t<div class=\"pbmit-ihbox-contents\">\r\n\t\t<h2 class=\"pbmit-element-title\">\r\n\t\t\t\t\t\t\t\t\r\n\t\t\t\t\t\t\t\t\tSite relocation\r\n\t\t\t\t\t\t\t\t\r\n\t\t\t\t\t\t\t\t<\/h2>\r\n\t\t\t\t\t\t\t\t\t\t\t<div class=\"pbmit-heading-desc\">In 2006 we sold the warehouse<\/div>\t\r\n\t<\/div>\r\n\t<\/div> \t\r\n\t\t\t\t\t\t<\/div>\r\n\t\t\t\t\t<\/article><article class=\"pbmit-ele pbmit-ele-miconheading pbmit-miconheading-style-9 col-md-6 col-lg-3\">\t\t\t\t\t\t<div class=\"pbmit-ihbox pbmit-ihbox-style-9\">\r\n\t\t\t\t\t\t\t<div class=\"pbmit-ihbox-headingicon\">\r\n\t<div class=\"pbmit-ihbox-icon\"><div class=\"pbmit-ihbox-icon-wrapper pbmit-ihbox-icon-type-text\">2007     <\/div><\/div>\t<div class=\"pbmit-ihbox-contents\">\r\n\t\t<h2 class=\"pbmit-element-title\">\r\n\t\t\t\t\t\t\t\t\r\n\t\t\t\t\t\t\t\t\tPicassent\r\n\t\t\t\t\t\t\t\t\r\n\t\t\t\t\t\t\t\t<\/h2>\r\n\t\t\t\t\t\t\t\t\t\t\t<div class=\"pbmit-heading-desc\">In 2007 we began our new phase in Picassent<\/div>\t\r\n\t<\/div>\r\n\t<\/div> \t\r\n\t\t\t\t\t\t<\/div>\r\n\t\t\t\t\t<\/article><article class=\"pbmit-ele pbmit-ele-miconheading pbmit-miconheading-style-9 col-md-6 col-lg-3\">\t\t\t\t\t\t<div class=\"pbmit-ihbox pbmit-ihbox-style-9\">\r\n\t\t\t\t\t\t\t<div class=\"pbmit-ihbox-headingicon\">\r\n\t<div class=\"pbmit-ihbox-icon\"><div class=\"pbmit-ihbox-icon-wrapper pbmit-ihbox-icon-type-text\">2023<\/div><\/div>\t<div class=\"pbmit-ihbox-contents\">\r\n\t\t<h2 class=\"pbmit-element-title\">\r\n\t\t\t\t\t\t\t\t\r\n\t\t\t\t\t\t\t\t\tJunior Fresh\r\n\t\t\t\t\t\t\t\t\r\n\t\t\t\t\t\t\t\t<\/h2>\r\n\t\t\t\t\t\t\t\t\t\t\t<div class=\"pbmit-heading-desc\">In 2023 we became Junior Fresh, S.A.U., always alongside our JUNIOR brand<\/div>\t\r\n\t<\/div>\r\n\t<\/div> \t\r\n\t\t\t\t\t\t<\/div>\r\n\t\t\t\t\t<\/article>\t\t<\/div>\r\n\t\t\t\t<\/div>\r\n\t\t\t\t\t\t\t<\/div><!-- .pbmit-element-inner -->\r\n\t\t<\/div><!-- .pbminfotech-element -->\r\n\t\t\t\t<\/div>\n\t\t\t\t<\/div>\n\t\t\t\t\t<\/div>\n\t\t<\/div>\n\t\t\t\t\t<\/div>\n\t\t<\/section>\n\t\t\t\t<\/div>","protected":false},"excerpt":{"rendered":"<p>Quienes Somos La visi\u00f3n de Junior Fresh Somos una empresa l\u00edder en la exportaci\u00f3n de frutas y verduras, comprometidos con ofrecer productos de la m\u00e1s alta calidad, desde su origen hasta su destino. Como agentes exportadores y comercializadores, trabajamos mano a mano con colaboradores de confianza para seleccionar cuidadosamente la mejor fruta y verdura, confeccionarlas [&hellip;]<\/p>","protected":false},"author":1,"featured_media":0,"parent":0,"menu_order":3,"comment_status":"closed","ping_status":"closed","template":"","meta":{"_acf_changed":false,"inline_featured_image":false,"footnotes":""},"class_list":["post-91","page","type-page","status-publish","hentry"],"acf":[],"_links":{"self":[{"href":"https:\/\/juniorfresh.es\/en\/wp-json\/wp\/v2\/pages\/91","targetHints":{"allow":["GET"]}}],"collection":[{"href":"https:\/\/juniorfresh.es\/en\/wp-json\/wp\/v2\/pages"}],"about":[{"href":"https:\/\/juniorfresh.es\/en\/wp-json\/wp\/v2\/types\/page"}],"author":[{"embeddable":true,"href":"https:\/\/juniorfresh.es\/en\/wp-json\/wp\/v2\/users\/1"}],"replies":[{"embeddable":true,"href":"https:\/\/juniorfresh.es\/en\/wp-json\/wp\/v2\/comments?post=91"}],"version-history":[{"count":75,"href":"https:\/\/juniorfresh.es\/en\/wp-json\/wp\/v2\/pages\/91\/revisions"}],"predecessor-version":[{"id":1160,"href":"https:\/\/juniorfresh.es\/en\/wp-json\/wp\/v2\/pages\/91\/revisions\/1160"}],"wp:attachment":[{"href":"https:\/\/juniorfresh.es\/en\/wp-json\/wp\/v2\/media?parent=91"}],"curies":[{"name":"wp","href":"https:\/\/api.w.org\/{rel}","templated":true}]}}