{"id":687,"date":"2025-12-19T13:40:59","date_gmt":"2025-12-19T12:40:59","guid":{"rendered":"https:\/\/juniorfresh.es\/?page_id=687"},"modified":"2026-03-17T17:01:40","modified_gmt":"2026-03-17T16:01:40","slug":"politica-cookies","status":"publish","type":"page","link":"https:\/\/juniorfresh.es\/en\/politica-cookies\/","title":{"rendered":"Cookies Policy"},"content":{"rendered":"<div data-elementor-type=\"wp-page\" data-elementor-id=\"687\" class=\"elementor elementor-687\">\n\t\t\t\t\t\t<section class=\"elementor-section elementor-top-section elementor-element elementor-element-3094190f pbmit-col-stretched-none pbmit-bg-color-over-image elementor-section-boxed elementor-section-height-default elementor-section-height-default\" data-id=\"3094190f\" data-element_type=\"section\">\n\t\t\t\t\t\t<div class=\"elementor-container elementor-column-gap-default\">\n\t\t\t\t\t<div class=\"elementor-column elementor-col-100 elementor-top-column elementor-element elementor-element-fb236d3 pbmit-bg-color-over-image\" data-id=\"fb236d3\" data-element_type=\"column\">\n\t\t\t<div class=\"elementor-widget-wrap elementor-element-populated\">\n\t\t\t\t\t\t<div class=\"elementor-element elementor-element-3159db7e elementor-widget elementor-widget-text-editor\" data-id=\"3159db7e\" data-element_type=\"widget\" data-widget_type=\"text-editor.default\">\n\t\t\t\t<div class=\"elementor-widget-container\">\n\t\t\t\t\t\t\t<p>La siguiente informaci\u00f3n sobre nuestra Pol\u00edtica de Cookies refleja el compromiso de JUNIOR FRESH, S.A.U (en adelante JUNIOR FRESH), como responsable del tratamiento, para utilizar cookies y tecnolog\u00edas similares garantizando el derecho a la privacidad de cada uno de los usuarios de nuestros servicios. En este documento explicamos c\u00f3mo utilizamos cookies y tecnolog\u00edas similares durante el uso de nuestros servicios:<\/p>\n<p>\u00a0<\/p>\n<h4>DESCRIPCI\u00d3N DE COOKIES<\/h4>\n<p>Una \u201cCookie\u201d es un peque\u00f1o archivo de texto que un sitio web almacena en el navegador del usuario, facilitando la navegaci\u00f3n por una p\u00e1gina web y son esenciales para el funcionamiento de Internet.<\/p>\n<p>Las cookies se utilizan, por ejemplo, para recordar los gustos de los usuarios en la web: idioma, navegador utilizado; analizar los h\u00e1bitos y comportamientos del usuario para mejorar los servicios ofrecidos, o para adecuar los contenidos de una p\u00e1gina web a las preferencias del visitante.<\/p>\n<p>\u00a0<\/p>\n<h4>QU\u00c9 TIPO DE COOKIES UTILIZAMOS<\/h4>\n<p>SEG\u00daN LA ENTIDAD QUE LA GESTIONA<\/p>\n<ul>\n<li>Cookies propias: Son aquellas que se env\u00edan a tu equipo desde nuestros propios equipos o dominios y desde el que prestamos el servicio que nos solicitas.<\/li>\n<li>Cookies de terceros: Son aquellas que se env\u00edan a tu equipo desde un equipo o dominio que no es gestionado por nosotros, sino por otra entidad colaboradora. Como, por ejemplo, las usadas por redes sociales, o por contenido externo.<\/li>\n<\/ul>\n<p>SEG\u00daN EL PLAZO DE TIEMPO QUE PERMANECEN ACTIVAS<\/p>\n<ul>\n<li>\u00a0Cookies de sesi\u00f3n: Son cookies temporales que permanecen en el archivo de cookies de tu navegador hasta que abandonas la p\u00e1gina web, por lo que ninguna queda registrada en el disco duro de tu ordenador. La informaci\u00f3n obtenida por medio de estas cookies, sirven para analizar pautas de tr\u00e1fico en la web. A la larga, esto nos permite proporcionar una mejor experiencia para mejorar el contenido y facilitar su uso.<\/li>\n<li>Cookies persistentes: Son almacenadas en el disco duro y nuestra web las lee cada vez que realizas una nueva visita. Una web permanente posee una fecha de expiraci\u00f3n determinada. La cookie dejar\u00e1 de funcionar despu\u00e9s de esa fecha. Estas cookies las utilizamos, generalmente, para facilitar los servicios de compra y registro.<\/li>\n<\/ul>\n<p>SEG\u00daN SU FINALIDAD<\/p>\n<ul>\n<li>Estrictamente necesarias: Estas cookies son necesarias para facilitar la correcta navegaci\u00f3n por nuestro sitio web y aseguran que el contenido se carga eficazmente, permitiendo la correcta utilizaci\u00f3n de las diferentes opciones o servicios que en ella existen como por ejemplo realizar el proceso de compra o controlar el fraude vinculado a la seguridad del servicio. Se incluyen cookies anal\u00edticas y agregadas para hacer recuento del tr\u00e1fico del sitio y las p\u00e1ginas visitadas.<\/li>\n<li>Anal\u00edticas y optimizaci\u00f3n: Estas cookies son propias o de terceros que nos permiten optimizar tu experiencia en el sitio web evaluando su rendimiento y mejorar a\u00f1adiendo nuevas funcionalidades.<\/li>\n<li>Personalizaci\u00f3n: Permiten guardar la informaci\u00f3n de preferencia del usuario para mejorar la calidad de nuestros servicios y para ofrecer una mejor experiencia a trav\u00e9s de productos recomendados. Algunas pueden ser multidispositivo.<\/li>\n<li>Publicidad comportamental: Estas cookies son utilizadas para almacenar informaci\u00f3n del comportamiento de los usuarios obtenida a trav\u00e9s de la observaci\u00f3n continuada. Gracias a ellas, podemos conocer los h\u00e1bitos de navegaci\u00f3n en el sitio web y mostrar publicidad relacionada con tu perfil de navegaci\u00f3n<br \/>A continuaci\u00f3n describimos que tipo de cookies utilizamos y las finalidades de las mismas, pudiendo ampliar m\u00e1s informaci\u00f3n sobre cada una de las cookies, as\u00ed como su duraci\u00f3n en la siguiente lista:<\/li>\n<\/ul>\n<p>\u00a0<\/p>\n<h4>BASE LEG\u00cdTIMA PARA EL USO DE COOKIES<\/h4>\n<p>La legitimaci\u00f3n para el uso de las cookies estrictamente funcionales, viene dada porque el tratamiento es necesario para el cumplimiento de una obligaci\u00f3n legal conforme a la Ley 34\/2002 Ley de Servicios de la Informaci\u00f3n y de Comercio Electr\u00f3nico.<\/p>\n<p>La legitimaci\u00f3n para el uso de las cookies con fines anal\u00edticos de optimizaci\u00f3n de personalizaci\u00f3n de publicidad comportamental y valoraci\u00f3n est\u00e1 basada en el consentimiento que se solicita, conforme al Art\u00edculo 6.1.a) del Reglamento (UE) 2017\/679.<\/p>\n<p>\u00a0<\/p>\n<h4>PLAZO DE CONSERVACI\u00d3N DE LA INFORMACI\u00d3N<\/h4>\n<p>Mantendremos la informaci\u00f3n mientras sea necesario para la prestaci\u00f3n del servicio solicitado, hasta que nos manifiestes tu oposici\u00f3n o hasta que revoques tu consentimiento. En estos casos, la informaci\u00f3n se mantendr\u00e1 debidamente bloqueada sin que la podamos utilizar mientras sea necesaria para el ejercicio o defensa de reclamaciones legales o contractuales. Una vez transcurrido este plazo de tiempo, tus datos ser\u00e1n eliminados definitivamente.<br \/>En los casos en que obtenemos datos autom\u00e1ticamente a trav\u00e9s de cookies, ten en cuenta que algunas pueden estar instaladas durante a\u00f1os. No obstante, puedes limitar su uso en el tiempo elimin\u00e1ndolas de los navegadores o dispositivos.<\/p>\n<p>\u00a0<\/p>\n<h4>FORMAS DE BLOQUEAR Y LIMITAR EL USO DE COOKIES:<\/h4>\n<p>Es importante destacar que estas tecnolog\u00edas no son intrusivas, ya que toda la informaci\u00f3n obtenida a trav\u00e9s de las cookies es totalmente an\u00f3nima, y en ning\u00fan caso puede ser asociada a un usuario concreto e identificado. Esta informaci\u00f3n nos permite adaptar y mejorar sus servicios a los intereses de los usuarios. No obstante, el usuario tiene la opci\u00f3n de impedir la generaci\u00f3n de cookies, mediante la selecci\u00f3n de la correspondiente opci\u00f3n en su programa navegador. Informa que en el caso de que deshabilite el uso de cookies la navegaci\u00f3n puede ser m\u00e1s lenta de lo habitual.<br \/>Concretamente, todos los navegadores permiten hacer cambios que permiten desactivar la configuraci\u00f3n de las cookies. Estos ajustes se encuentran ubicados en las \u201copciones\u201d o \u201cpreferencias\u201d del men\u00fa de su navegador. A continuaci\u00f3n le mostramos mediante enlaces la forma de deshabilitar las cookies siguiendo las instrucciones de los navegadores m\u00e1s utilizados:<\/p>\n<ul>\n<li>Internet Explorer:\u00a0<a href=\"http:\/\/windows.microsoft.com\/es-es\/windows-vista\/block-or-allow-cookies\">http:\/\/windows.microsoft.com\/es-es\/windows-vista\/block-or-allow-cookies<\/a><\/li>\n<li>Mozilla Firefox:\u00a0<a href=\"https:\/\/support.mozilla.org\/es\/kb\/cookies-informacion-que-los-sitios-web-guardan-en-?redirectlocale=en-us&amp;redirectslug=cookies\">https:\/\/support.mozilla.org\/es\/kb\/cookies-informacion-que-los-sitios-web-guardan-en-?redirectlocale=en-us&amp;redirectslug=cookies<\/a><\/li>\n<li>Google Chrome:\u00a0<a href=\"https:\/\/support.google.com\/chrome\/answer\/95647?hl=es\">https:\/\/support.google.com\/chrome\/answer\/95647?hl=es<\/a><\/li>\n<li>Safari:\u00a0<a href=\"https:\/\/support.apple.com\/kb\/ph21411?locale=es_ES\">https:\/\/support.apple.com\/kb\/ph21411?locale=es_ES<\/a><\/li>\n<li>Safari para IOS (iPhone y iPad):\u00a0<a href=\"https:\/\/support.apple.com\/es-es\/HT201265\">https:\/\/support.apple.com\/es-es\/HT201265<\/a><\/li>\n<\/ul>\n<p>En cambio, si se desea bloquear las cookies anal\u00edticas de Google, se puede instalar un complemento en el navegador siguiendo las instrucciones indicadas en el siguiente enlace: <a href=\"https:\/\/tools.google.com\/dlpage\/gaoptout\">https:\/\/tools.google.com\/dlpage\/gaoptout.<\/a><\/p>\n<p align=\"justify\">Tambi\u00e9n puedes cambiar la configuraci\u00f3n del consentimiento prestado:<\/p>\n<p align=\"justify\">\u00a0<\/p>\n<h4 align=\"justify\">M\u00c1S INFORMACI\u00d3N<\/h4>\n<p align=\"justify\">Para obtener m\u00e1s informaci\u00f3n sobre el tratamiento de datos, recomendamos visitar nuestra pol\u00edtica de privacidad. Adem\u00e1s, Cualquier usuario que tenga cualquier duda acerca de estas tecnolog\u00edas puede remitirnos la consulta a la direcci\u00f3n electr\u00f3nica <a style=\"font-family: Rubik, sans-serif; font-size: 16px; font-weight: 400; letter-spacing: 0px;\" href=\"mailto:marcos@juniorfresh.es\">marcos@juniorfresh.es<\/a><\/p>\t\t\t\t\t\t<\/div>\n\t\t\t\t<\/div>\n\t\t\t\t\t<\/div>\n\t\t<\/div>\n\t\t\t\t\t<\/div>\n\t\t<\/section>\n\t\t\t\t<\/div>","protected":false},"excerpt":{"rendered":"<p>La siguiente informaci\u00f3n sobre nuestra Pol\u00edtica de Cookies refleja el compromiso de JUNIOR FRESH, S.A.U (en adelante JUNIOR FRESH), como responsable del tratamiento, para utilizar cookies y tecnolog\u00edas similares garantizando el derecho a la privacidad de cada uno de los usuarios de nuestros servicios. En este documento explicamos c\u00f3mo utilizamos cookies y tecnolog\u00edas similares durante [&hellip;]<\/p>","protected":false},"author":1,"featured_media":0,"parent":0,"menu_order":0,"comment_status":"closed","ping_status":"closed","template":"","meta":{"_acf_changed":false,"inline_featured_image":false,"footnotes":""},"class_list":["post-687","page","type-page","status-publish","hentry"],"acf":[],"_links":{"self":[{"href":"https:\/\/juniorfresh.es\/en\/wp-json\/wp\/v2\/pages\/687","targetHints":{"allow":["GET"]}}],"collection":[{"href":"https:\/\/juniorfresh.es\/en\/wp-json\/wp\/v2\/pages"}],"about":[{"href":"https:\/\/juniorfresh.es\/en\/wp-json\/wp\/v2\/types\/page"}],"author":[{"embeddable":true,"href":"https:\/\/juniorfresh.es\/en\/wp-json\/wp\/v2\/users\/1"}],"replies":[{"embeddable":true,"href":"https:\/\/juniorfresh.es\/en\/wp-json\/wp\/v2\/comments?post=687"}],"version-history":[{"count":20,"href":"https:\/\/juniorfresh.es\/en\/wp-json\/wp\/v2\/pages\/687\/revisions"}],"predecessor-version":[{"id":932,"href":"https:\/\/juniorfresh.es\/en\/wp-json\/wp\/v2\/pages\/687\/revisions\/932"}],"wp:attachment":[{"href":"https:\/\/juniorfresh.es\/en\/wp-json\/wp\/v2\/media?parent=687"}],"curies":[{"name":"wp","href":"https:\/\/api.w.org\/{rel}","templated":true}]}}