{"id":648,"date":"2025-12-18T19:27:02","date_gmt":"2025-12-18T18:27:02","guid":{"rendered":"https:\/\/juniorfresh.es\/?page_id=648"},"modified":"2026-03-17T17:00:47","modified_gmt":"2026-03-17T16:00:47","slug":"aviso-legal","status":"publish","type":"page","link":"https:\/\/juniorfresh.es\/en\/aviso-legal\/","title":{"rendered":"Legal Notice"},"content":{"rendered":"<div data-elementor-type=\"wp-page\" data-elementor-id=\"648\" class=\"elementor elementor-648\">\n\t\t\t\t\t\t<section class=\"elementor-section elementor-top-section elementor-element elementor-element-3094190f pbmit-col-stretched-none pbmit-bg-color-over-image elementor-section-boxed elementor-section-height-default elementor-section-height-default\" data-id=\"3094190f\" data-element_type=\"section\">\n\t\t\t\t\t\t<div class=\"elementor-container elementor-column-gap-default\">\n\t\t\t\t\t<div class=\"elementor-column elementor-col-100 elementor-top-column elementor-element elementor-element-fb236d3 pbmit-bg-color-over-image\" data-id=\"fb236d3\" data-element_type=\"column\">\n\t\t\t<div class=\"elementor-widget-wrap elementor-element-populated\">\n\t\t\t\t\t\t<div class=\"elementor-element elementor-element-3159db7e elementor-widget elementor-widget-text-editor\" data-id=\"3159db7e\" data-element_type=\"widget\" data-widget_type=\"text-editor.default\">\n\t\t\t\t<div class=\"elementor-widget-container\">\n\t\t\t\t\t\t\t<p><!-- wp:heading --><\/p>\n<h4>PRIMERO.- TITULAR DE LA WEB<\/h4>\n<p>El presente portal web pertenece a JUNIOR FRESH, con CIF A46706453, sita en \u00a0Plaza Cronista Amadeo Lerma, N\u00ba 5 Bajo 1 (46220) de Picassent e inscrita en el registro mercantil de Valencia en el Tomo 2.979, Secci\u00f3n General del Libro de Sociedades, Folio 126, Hoja n\u00ba V-4.279 Inscripci\u00f3n 1\u00aa. (en adelante JUNIOR FRESH), pudiendo contactar en el correo electr\u00f3nico <a href=\"mailto:marcos@juniorfresh.es\">marcos@juniorfresh.es<\/a><\/p>\n<h4>SEGUNDO.- ACCESO A LA WEB<\/h4>\n<p>JUNIOR FRESH pone a disposici\u00f3n del p\u00fablico (en adelante usuario), que acceda a la presente p\u00e1gina web (en adelante WEB), informaci\u00f3n sobre los productos y servicios propios (en adelante CONTENIDOS y\/o SERVICIOS).<br \/>El acceso a determinadas secciones del portal requerir\u00e1 la adquisici\u00f3n de la condici\u00f3n de usuario registrado, para ello, se deber\u00e1 seguir los pasos indicados.<\/p>\n<h4>TERCERO.- UTILIZACI\u00d3N CORRECTA DE LOS SERVICIOS<\/h4>\n<ul>\n<li>El usuario se obliga a usar los Servicios de forma diligente, correcta y l\u00edcita y, en particular, a t\u00edtulo meramente enunciativo y no limitativo, queda terminantemente prohibido:<br \/>Utilizar los Servicios de forma, con fines o efectos contrarios a la ley, a la moral y a las buenas costumbres generalmente aceptadas o al orden p\u00fablico;<\/li>\n<li>Reproducir o copiar, distribuir, permitir el acceso del p\u00fablico a trav\u00e9s de cualquier modalidad de comunicaci\u00f3n p\u00fablica, transformar o modificar los Servicios, a menos que se cuente con la autorizaci\u00f3n del titular de los correspondientes derechos o ello resulte legalmente permitido;<\/li>\n<li>Realizar cualquier acto que pueda ser considerado una vulneraci\u00f3n de cualesquiera derechos de propiedad intelectual o industrial pertenecientes a JUNIOR FRESH o a terceros;<\/li>\n<li>Emplear los Servicios y, en particular, la informaci\u00f3n de cualquier clase obtenida a trav\u00e9s del Sitio Web para remitir publicidad, comunicaciones con fines de venta directa o con cualquier otra clase de finalidad comercial, mensajes no solicitados dirigidos a una pluralidad de personas con independencia de su finalidad, as\u00ed como de comercializar o divulgar de cualquier modo dicha informaci\u00f3n;<\/li>\n<\/ul>\n<p>El usuario responder\u00e1 de los da\u00f1os y perjuicios de toda naturaleza que JUNIOR FRESH pueda sufrir, con ocasi\u00f3n del incumplimiento de cualquiera de las obligaciones anteriormente expuestas as\u00ed como cualesquier otras incluidas en las presentes Condiciones Generales y\/o las impuestas por la Ley en relaci\u00f3n con la utilizaci\u00f3n del Sitio Web.<\/p>\n<p>Todo usuario menor de edad deber\u00e1 utilizar la Web bajo el consentimiento de su padre, madre o tutor legal, siendo estos los responsables de cualquier problema que pudiera acontecer en el uso de los servicios de la misma.<\/p>\n<p>JUNIOR FRESH velar\u00e1 en todo momento por el respeto del ordenamiento jur\u00eddico vigente, y estar\u00e1 legitimada para interrumpir, a su entera discreci\u00f3n, el Servicio o excluir al usuario del Sitio Web en caso de presunta comisi\u00f3n, de alguno de los delitos o faltas tipificados por el C\u00f3digo Penal vigente, o en caso de observar cualesquiera conductas que a juicio de JUNIOR FRESH resulten contrarias a estas Condiciones<\/p>\n<p>Generales o puedan perturbar el buen funcionamiento, imagen, credibilidad y\/o prestigio de JUNIOR FRESH<\/p>\n<h4>CUARTO.- REGLAS DE CONDUCTA<\/h4>\n<p>Los usuarios podr\u00e1n contactar con JUNIOR FRESH e interactuar en determinadas secciones del portal web, por ejemplo compartiendo secciones en redes sociales, siempre y cuando respeten el presente c\u00f3digo de conducta:<\/p>\n<p>1. NING\u00daN USUARIO PODR\u00c1 HACERSE PASAR POR OTRA PERSONA U ORGANIZACI\u00d3N, en caso contrario puede incurrir en falta o delito seg\u00fan el C\u00f3digo Penal y el C\u00f3digo Civil Espa\u00f1ol.<\/p>\n<p>2. NO SE PODR\u00c1 UTILIZAR UN LENGUAJE IRRESPETUOSO Y OFENSIVO. No son admisibles mensajes con amenazas, insultos graves o cualquier otro tipo de comentario que pueda herir la sensibilidad. En tal caso, JUNIOR FRESH se reserva el derecho de retirar cualquier contenido que contravenga la presente condici\u00f3n y ejercitar las v\u00edas judiciales oportunas.<\/p>\n<p>3. QUEDA TOTALMENTE PROHIBIDO presentar, citar y recomendar empresas, o portales web, y en general realizar acciones de marketing o spam. Ese tipo de contenidos ser\u00e1n eliminados junto con las cuentas que llevaron a cabo tal acci\u00f3n e incluso ponerlo en conocimiento de la Agencia Espa\u00f1ola de Protecci\u00f3n de Datos.<\/p>\n<h4>QUINTO.- DERECHOS DE PROPIEDAD<\/h4>\n<p>Todos los contenidos del Sitio Web, tales como textos, art\u00edculos de opini\u00f3n, gr\u00e1ficos, fotograf\u00edas, logotipos, iconos, im\u00e1genes, as\u00ed como el dise\u00f1o gr\u00e1fico, c\u00f3digo fuente y software, son de la exclusiva propiedad de JUNIOR FRESH o de terceros, cuyos derechos al respecto ostenta leg\u00edtimamente JUNIOR FRESH, estando por lo tanto protegidos por la legislaci\u00f3n nacional e internacional.<\/p>\n<p>Queda estrictamente prohibido la utilizaci\u00f3n de todos los elementos objeto de propiedad industrial e intelectual con fines comerciales as\u00ed como su distribuci\u00f3n, modificaci\u00f3n, alteraci\u00f3n o descompilaci\u00f3n.<\/p>\n<h4>SEXTO.- EXCLUSI\u00d3N DE GARANT\u00cdAS Y DE RESPONSABILIDAD<\/h4>\n<p>JUNIOR FRESH se reserva el derecho a interrumpir el acceso a los servicios en cualquier momento y sin previo aviso, ya sea por motivos t\u00e9cnicos, de seguridad, de control, de mantenimiento, por fallos de suministro el\u00e9ctrico o por cualquier otra causa justificada.<\/p>\n<p>En consecuencia, JUNIOR FRESH no garantiza la fiabilidad, la disponibilidad ni la continuidad de la Web ni de los Servicios, por lo que la utilizaci\u00f3n de los mismos por parte de los usuarios se lleva a cabo por su propia cuenta y riesgo, sin que, en ning\u00fan momento, puedan exigirse responsabilidades a JUNIOR FRESH en este sentido.<\/p>\n<p>Adem\u00e1s JUNIOR FRESH no asume responsabilidad alguna derivada, a t\u00edtulo enunciativo pero no limitativo:<\/p>\n<ul>\n<li>De la utilizaci\u00f3n que los usuarios hagan de los materiales dispuestos en la web, ya sean prohibidos o permitidos, en infracci\u00f3n de los derechos de propiedad intelectual y\/o industrial de contenidos de la propia web o de los portales de terceros.<\/li>\n<li>De los eventuales da\u00f1os y perjuicios a los usuarios causados por un funcionamiento normal o anormal de las herramientas de b\u00fasqueda, de la organizaci\u00f3n o la localizaci\u00f3n de los contenidos y\/o acceso a los servicios y, en general, de los errores o problemas que se generen en el desarrollo o instrumentaci\u00f3n de los elementos t\u00e9cnicos que forman el servicio.<\/li>\n<li>De los contenidos de aquellas p\u00e1ginas a las que los usuarios puedan acceder desde enlaces incluidos en la web.<\/li>\n<li>De los actos u omisiones de terceros, con independencia de que estos terceros pudiesen estar unidos a JUNIOR FRESH mediante v\u00eda contractual.<\/li>\n<\/ul>\n<p><br \/>De igual modo, JUNIOR FRESH excluye cualquier responsabilidad por los da\u00f1os y perjuicios de toda clase que puedan deberse a la presencia de virus o a la presencia de otros elementos lesivos en los contenidos que puedan producir alteraci\u00f3n en los sistemas inform\u00e1ticos as\u00ed como en los documentos o sistemas almacenados en los mismos, por lo que JUNIOR FRESH no ser\u00e1 responsable en ning\u00fan caso cuando se produzcan:<\/p>\n<ul>\n<li>Errores o retrasos en el acceso a los servicios por parte del usuario a la hora de introducir sus datos en el formulario correspondiente o cualquier anomal\u00eda que pueda surgir cuando estas incidencias sean debidas a problemas en la red Internet, causas de caso fortuito o fuerza mayor y cualquier otra contingencia imprevisible ajena a la buena fe de JUNIOR FRESH<\/li>\n<li>Fallos o incidencias que pudieran producirse en las comunicaciones, borrado o transmisiones incompletas, de manera que no se garantiza que los servicios del sitio web est\u00e9n constantemente operativos.<\/li>\n<li>De los errores o da\u00f1os producidos al sitio web por un uso del servicio ineficiente y de mala fe por parte del usuario.<\/li>\n<li>De la no operatividad o problemas en la direcci\u00f3n de email facilitada por el usuario para el env\u00edo de la informaci\u00f3n solicitada. En todo caso, JUNIOR FRESH se compromete a solucionar los problemas que puedan surgir y a ofrecer todo el apoyo necesario al usuario para llegar a una soluci\u00f3n r\u00e1pida y satisfactoria de la incidencia<\/li>\n<\/ul>\n<h4><br \/>S\u00c9PTIMO.- ENLACES A OTROS SITIOS WEB<\/h4>\n<p>JUNIOR FRESH no garantiza ni asume ning\u00fan tipo de responsabilidad por los da\u00f1os y perjuicios sufridos por el acceso al Servicios\/contenido de terceros a trav\u00e9s de conexiones, v\u00ednculos o links de los sitios enlazados ni sobre la exactitud o fiabilidad de los mismos. La funci\u00f3n de los enlaces que aparecen en JUNIOR FRESH es exclusivamente la de informar al usuario sobre la existencia de otras fuentes de informaci\u00f3n en Internet, donde podr\u00e1 ampliar los Servicios ofrecidos por el Portal. JUNIOR FRESH no ser\u00e1 en ning\u00fan caso responsable del resultado obtenido a trav\u00e9s de dichos enlaces o de las consecuencias que se deriven del acceso por los usuarios a los mismos. Estos Servicios de terceros son proporcionados por \u00e9stos, por lo que JUNIOR FRESH no puede controlar y no controla la licitud de los Servicios ni su calidad. En consecuencia, el usuario debe extremar la prudencia en la valoraci\u00f3n y utilizaci\u00f3n de la informaci\u00f3n y servicios existentes en los contenidos de terceros.<\/p>\n<p>Queda expresamente prohibida la introducci\u00f3n de hiperenlaces con fines mercantiles en p\u00e1ginas web ajenas a JUNIOR FRESH que permitan el acceso al presente portal web sin consentimiento expreso de JUNIOR FRESH En todo caso, la existencia de hiperenlaces en sitios web ajenos a la empresa, no implicar\u00e1 en ning\u00fan caso la existencia de relaciones comerciales o mercantiles con el titular de la p\u00e1gina web donde se establezca el hiperenlace, ni la aceptaci\u00f3n por parte de JUNIOR FRESH.<\/p>\n<h4><br \/>OCTAVO.- TRATAMIENTO DE DATOS Y UTILIZACI\u00d3N DE COOKIES<\/h4>\n<p>De acuerdo con lo establecido en la normativa de protecci\u00f3n de datos, le informamos de que los datos personales que nos facilite a trav\u00e9s de nuestro sitio web o mediante env\u00edos de correos electr\u00f3nicos, ser\u00e1n tratados por JUNIOR FRESH en su calidad de responsable del tratamiento, bajo la legitimidad otorgada por el consentimiento prestado por el usuario para las finalidades descritas en la pol\u00edtica de privacidad, la cual debe ser le\u00edda, comprendida y aceptada para la utilizaci\u00f3n del presente portal web.<\/p>\n<p>El usuario responder\u00e1, en cualquier caso, de la veracidad de los datos facilitados y podr\u00e1 ejercitar los derechos de acceso, supresi\u00f3n, rectificaci\u00f3n, oposici\u00f3n, limitaci\u00f3n del tratamiento y portabilidad, mediante escrito dirigido a la empresa, bien a su domicilio social, bien a trav\u00e9s de correo electr\u00f3nico a <a href=\"mailto:marcos@juniorfresh.es\">marcos@juniorfresh.es<\/a> siempre y cuando acredite su identidad. Y en el caso de que lo estime oportuno, podr\u00e1 acudir a la Agencia Espa\u00f1ola de Protecci\u00f3n de Datos.<br \/><br \/>Por su parte, JUNIOR FRESH se compromete al cumplimiento de la obligaci\u00f3n de secreto de los datos de car\u00e1cter personal, por ello ha adoptado las medidas necesarias para evitar su alteraci\u00f3n, p\u00e9rdida, tratamiento o acceso no autorizado, habida cuenta en todo momento del estado de la tecnolog\u00eda.<br \/>Por otra parte, JUNIOR FRESH le informa que por visitar el presente portal web no queda registrado de forma autom\u00e1tica ning\u00fan dato de car\u00e1cter personal que identifique a un Usuario, en cambio existe determinada informaci\u00f3n de car\u00e1cter no personal y no identificable con un Usuario concreto que se recoge durante la sesi\u00f3n en directo para a trav\u00e9s de dispositivos denominados \u201ccookies\u201d que nos permiten obtener informaci\u00f3n estad\u00edstica sobre el uso del portal web para luego poder realizar mejoras. Todo usuario debe consultar nuestra pol\u00edtica de cookies para navegar por la web.<\/p>\n<h4><br \/>NOVENO.- LEY APLICABLE Y JURISDICCI\u00d3N<\/h4>\n<p>Para cuantas cuestiones interpretativas o litigiosas que pudieran plantearse ser\u00e1 de aplicaci\u00f3n la legislaci\u00f3n espa\u00f1ola y en caso de controversia, ambas partes acuerdan someterse, con renuncia a cualquier otro fuero que pudiera corresponderle, a la jurisdicci\u00f3n de los Juzgados y Tribunales de la ciudad de Picassent, Valencia (Espa\u00f1a).<\/p>\n<p>En cambio para resolver cuantas cuestiones interpretativas o litigiosas que pudieran plantearse por la adquisici\u00f3n de los bonos, las partes se someter\u00e1n a los juzgados y tribunales del domicilio del consumidor Por \u00faltimo, a los efectos legales oportunos, recordamos que la Comisi\u00f3n Europea ha creado una plataforma de resoluci\u00f3n extrajudicial de litigios online que se encuentra disponible en el siguiente enlace, <a href=\"http:\/\/ec.europa.eu\/consumers\/odr\/\">http:\/\/ec.europa.eu\/consumers\/odr\/.<\/a><\/p>\t\t\t\t\t\t<\/div>\n\t\t\t\t<\/div>\n\t\t\t\t\t<\/div>\n\t\t<\/div>\n\t\t\t\t\t<\/div>\n\t\t<\/section>\n\t\t\t\t<\/div>","protected":false},"excerpt":{"rendered":"<p>PRIMERO.- TITULAR DE LA WEB El presente portal web pertenece a JUNIOR FRESH, con CIF A46706453, sita en \u00a0Plaza Cronista Amadeo Lerma, N\u00ba 5 Bajo 1 (46220) de Picassent e inscrita en el registro mercantil de Valencia en el Tomo 2.979, Secci\u00f3n General del Libro de Sociedades, Folio 126, Hoja n\u00ba V-4.279 Inscripci\u00f3n 1\u00aa. (en [&hellip;]<\/p>","protected":false},"author":1,"featured_media":0,"parent":0,"menu_order":0,"comment_status":"closed","ping_status":"closed","template":"","meta":{"_acf_changed":false,"inline_featured_image":false,"footnotes":""},"class_list":["post-648","page","type-page","status-publish","hentry"],"acf":[],"_links":{"self":[{"href":"https:\/\/juniorfresh.es\/en\/wp-json\/wp\/v2\/pages\/648","targetHints":{"allow":["GET"]}}],"collection":[{"href":"https:\/\/juniorfresh.es\/en\/wp-json\/wp\/v2\/pages"}],"about":[{"href":"https:\/\/juniorfresh.es\/en\/wp-json\/wp\/v2\/types\/page"}],"author":[{"embeddable":true,"href":"https:\/\/juniorfresh.es\/en\/wp-json\/wp\/v2\/users\/1"}],"replies":[{"embeddable":true,"href":"https:\/\/juniorfresh.es\/en\/wp-json\/wp\/v2\/comments?post=648"}],"version-history":[{"count":20,"href":"https:\/\/juniorfresh.es\/en\/wp-json\/wp\/v2\/pages\/648\/revisions"}],"predecessor-version":[{"id":937,"href":"https:\/\/juniorfresh.es\/en\/wp-json\/wp\/v2\/pages\/648\/revisions\/937"}],"wp:attachment":[{"href":"https:\/\/juniorfresh.es\/en\/wp-json\/wp\/v2\/media?parent=648"}],"curies":[{"name":"wp","href":"https:\/\/api.w.org\/{rel}","templated":true}]}}