{"id":3,"date":"2025-11-25T16:46:57","date_gmt":"2025-11-25T15:46:57","guid":{"rendered":"https:\/\/juniorfresh.es\/?page_id=3"},"modified":"2026-03-17T17:01:30","modified_gmt":"2026-03-17T16:01:30","slug":"politica-privacidad","status":"publish","type":"page","link":"https:\/\/juniorfresh.es\/en\/politica-privacidad\/","title":{"rendered":"Privacy Policy"},"content":{"rendered":"<div data-elementor-type=\"wp-page\" data-elementor-id=\"3\" class=\"elementor elementor-3\">\n\t\t\t\t\t\t<section class=\"elementor-section elementor-top-section elementor-element elementor-element-48415099 pbmit-col-stretched-none pbmit-bg-color-over-image elementor-section-boxed elementor-section-height-default elementor-section-height-default\" data-id=\"48415099\" data-element_type=\"section\">\n\t\t\t\t\t\t<div class=\"elementor-container elementor-column-gap-default\">\n\t\t\t\t\t<div class=\"elementor-column elementor-col-100 elementor-top-column elementor-element elementor-element-71e73442 pbmit-bg-color-over-image\" data-id=\"71e73442\" data-element_type=\"column\">\n\t\t\t<div class=\"elementor-widget-wrap elementor-element-populated\">\n\t\t\t\t\t\t<div class=\"elementor-element elementor-element-4c2f1f1f elementor-widget elementor-widget-text-editor\" data-id=\"4c2f1f1f\" data-element_type=\"widget\" data-widget_type=\"text-editor.default\">\n\t\t\t\t<div class=\"elementor-widget-container\">\n\t\t\t\t\t\t\t<p><!-- \/wp:paragraph --><\/p>\n<p><!-- wp:paragraph --><\/p>\n<h4>1. Pol\u00edtica de Privacidad y Seguridad.<\/h4>\n<p>La siguiente informaci\u00f3n sobre nuestra Pol\u00edtica de Privacidad refleja el compromiso de JUNIOR FRESH, S.A.U, (en adelante JUNIOR FRESH), como responsable del tratamiento, por mantener y garantizar relaciones comerciales seguras mediante la protecci\u00f3n de los datos personales, garantizando el derecho a la privacidad de cada uno de los usuarios de nuestros servicios. En este documento explicamos c\u00f3mo utilizamos los datos personales durante el uso de nuestros servicios.<\/p>\n<h4><br \/>2. Definici\u00f3n de dato personal<\/h4>\n<p>Como \u00abDato Personal\u00bb debemos entender cualquier informaci\u00f3n concerniente a una persona f\u00edsica identificada o identificable. Entre otros, se incluyen el nombre, apellidos, la direcci\u00f3n postal y electr\u00f3nica, as\u00ed como el n\u00famero de tel\u00e9fono.<\/p>\n<h4><br \/>3. Tratamientos y finalidades de los datos recogidos<\/h4>\n<p>Cualquier dato personal que nos facilite al visitar nuestro portal web ser\u00e1 tratado de conformidad con las normas de protecci\u00f3n de datos y s\u00f3lo ser\u00e1n recogidos, tratados y utilizados para fines l\u00edcitos, leg\u00edtimos e informados. Por ello, detallamos todas las finalidades con las que JUNIOR FRESH utiliza datos personales:<\/p>\n<p><strong>&#8211; Por el env\u00edo de formularios de contacto o correos electr\u00f3nicos:<\/strong><\/p>\n<ul>\n<li>Finalidad: Poder responder a las consultas planteadas y ponerse en contacto con el usuario para resolver las dudas o cuestiones planteadas.<\/li>\n<li>Legitimaci\u00f3n: La base leg\u00edtima con la que se tratar\u00e1n los datos reside en la ejecuci\u00f3n de las medidas precontractuales solicitadas y\/o el consentimiento prestado.<\/li>\n<li>Plazos de conservaci\u00f3n: Los datos ser\u00e1n conservados durante el tiempo necesario para responder a las cuestiones planteadas.<\/li>\n<\/ul>\n<p><strong>Por la introducci\u00f3n del correo electr\u00f3nico para la suscripci\u00f3n al bolet\u00edn de noticias:<\/strong><\/p>\n<ul>\n<li>Finalidad: Remitirle las newsletters solicitadas, as\u00ed como remitirle informaci\u00f3n comercial sobre nuevos productos y servicios.<\/li>\n<li>Legitimaci\u00f3n: La base leg\u00edtima con la que se tratar\u00e1n los datos reside en la ejecuci\u00f3n de las medidas precontractuales solicitadas y\/o el consentimiento prestado.<\/li>\n<li>Plazos de conservaci\u00f3n: Los datos ser\u00e1n conservados durante el tiempo necesario para responder a las cuestiones planteadas.<\/li>\n<\/ul>\n<p><strong>Por el registro como usuario:<\/strong><\/p>\n<ul>\n<li>Finalidad: Gestionar su acceso como usuario registrado y remitirle informaci\u00f3n comercial a trav\u00e9s de medios electr\u00f3nicos.<\/li>\n<li>Legitimaci\u00f3n: La base leg\u00edtima con la que se tratar\u00e1n los datos reside en la ejecuci\u00f3n de las medidas precontractuales solicitadas.<\/li>\n<li>Plazos de conservaci\u00f3n: Los datos ser\u00e1n conservados durante el tiempo necesario para cumplir con las obligaciones legales pertinentes, como por ejemplo, fiscales.<\/li>\n<\/ul>\n<p><strong>Por las transacciones \/ adquisici\u00f3n de productos:<\/strong><\/p>\n<ul>\n<li>Finalidad: Poder realizar las gestiones pertinentes de venta de los productos seleccionados adem\u00e1s de remitirle informaci\u00f3n comercial a trav\u00e9s de medios electr\u00f3nicos.<\/li>\n<li>Legitimaci\u00f3n: La base leg\u00edtima con la que se tratar\u00e1n los datos reside en la ejecuci\u00f3n de las medidas precontractuales solicitadas y\/o el consentimiento prestado.<\/li>\n<li>Comunicaci\u00f3n de datos a terceros: Sus datos ser\u00e1n comunicados a las entidades bancarias para poder realizar las transacciones econ\u00f3micas pertinentes as\u00ed como a los diferentes operadores log\u00edsticos para que se realice la entrega de los productos seleccionados.<\/li>\n<li>Plazos de conservaci\u00f3n: Los datos ser\u00e1n conservados durante el tiempo necesario para cumplir con las obligaciones legales pertinentes, como por ejemplo, fiscales.<\/li>\n<\/ul>\n<p>Desde JUNIOR FRESH informaremos a todos los usuarios el car\u00e1cter no obligatorio de la recogida de determinados datos de car\u00e1cter personal, salvo en los campos que se indique lo contrario. No obstante, la no cumplimentaci\u00f3n de dichos datos podr\u00e1 impedir a JUNIOR FRESH prestar todos aquellos Servicios vinculados a tales datos, liber\u00e1ndonos de toda responsabilidad por la no prestaci\u00f3n o prestaci\u00f3n incompleta de estos Servicios.<\/p>\n<p>Corresponde al usuario la obligaci\u00f3n de facilitar los datos de manera veraz y mantenerlos actualizados, por lo que JUNIOR FRESH se reserva el derecho de excluir de los servicios y proceder a la cancelaci\u00f3n del servicio a todo usuario que haya facilitado datos falsos, sin perjuicio de las dem\u00e1s acciones que procedan en Derecho.<\/p>\n<p>Sus datos personales NO ser\u00e1n comunicados a ninguna otra empresa. En el caso de que fuera necesario comunicar su informaci\u00f3n a otra entidad, se solicitar\u00eda su consentimiento expreso antes de realizar la comunicaci\u00f3n.<\/p>\n<h4><br \/>4. Seguridad de sus datos personales<\/h4>\n<p>JUNIOR FRESH tiene una preocupaci\u00f3n especial por garantizar la seguridad de sus datos personales. Sus datos son almacenados en nuestros sistemas de informaci\u00f3n, donde hemos adoptado e implantado medidas de seguridad, t\u00e9cnicas y organizativas, para prevenir cualquier p\u00e9rdida o uso no autorizado por terceros, por ejemplo nuestros portales web utilizan protocolos de cifrado de datos Https.<\/p>\n<h4><br \/>5. Informaci\u00f3n sobre la Utilizaci\u00f3n de cookies<\/h4>\n<p>Por el mero hecho de visitar el presente portal web o utilizar los servicios de JUNIOR FRESH no queda registrado de forma autom\u00e1tica ning\u00fan dato de car\u00e1cter personal que identifique a un Usuario. Sin embargo, le informamos que durante la navegaci\u00f3n por el Sitio Web se utilizan \u00abcookies\u00bb, peque\u00f1os ficheros de datos que se generan en el ordenador del internauta y que nos permiten obtener la siguiente informaci\u00f3n anal\u00edtica:<\/p>\n<p>a) La fecha y hora de acceso a la Web, permitiendo saber las horas de m\u00e1s afluencia, y hacer los ajustes precisos para evitar problemas de saturaci\u00f3n en nuestras horas punta.<br \/>b) El n\u00famero de visitantes diarios de cada secci\u00f3n, permitiendo conocer las \u00e1reas de m\u00e1s \u00e9xito y aumentar y mejorar su contenido, con el fin de que los usuarios obtengan un resultado m\u00e1s satisfactorio y mejorar el dise\u00f1o de los contenidos. <br \/>c) La fecha y hora de la \u00faltima vez que el usuario visit\u00f3 el Sitio Web para realizar estudios anal\u00edticos y estad\u00edsticos sobre el uso que tiene la web. <br \/>d) Elementos de seguridad que intervienen en el control de acceso a las \u00e1reas restringidas.<\/p>\n<p>Para m\u00e1s informaci\u00f3n visite nuestra pol\u00edtica de cookies<\/p>\n<h4><br \/>6. Derechos de los usuarios.<\/h4>\n<p>Todos los usuarios \u00a0pueden ejercitar cualquier de los derechos otorgados por la normativa de protecci\u00f3n de datos, como el derecho de acceso, rectificaci\u00f3n, limitaci\u00f3n del tratamiento, supresi\u00f3n, portabilidad de datos y oposici\u00f3n que le asisten mediante escrito dirigido a la direcci\u00f3n electr\u00f3nica a nuestro delegado de protecci\u00f3n de datos <a href=\"mailto:marcos@juniorfresh.es\">marcos@juniorfresh.es<\/a>. Y en el caso de que lo estime oportuno podr\u00e1 presentar reclamaci\u00f3n ante la Agencia Espa\u00f1ola de Protecci\u00f3n.<\/p>\n<h4><br \/>7. \u00bfNo desea recibir informaci\u00f3n de nosotros o desea revocar su consentimiento?<\/h4>\n<p>Cualquier usuario puede oponerse al uso de su informaci\u00f3n para fines publicitarios, investigaciones de mercado o desarrollo de encuestas de satisfacci\u00f3n, as\u00ed como revocar su consentimiento en cualquier momento (sin efecto retroactivo). Para ello, deber\u00e1 enviar un correo electr\u00f3nico a la direcci\u00f3n <a href=\"mailto:marcos@juniorfresh.es\">marcos@juniorfresh.es<\/a>.. Cuando reciba publicidad por correo electr\u00f3nico, tambi\u00e9n podr\u00e1 oponer desde dicho correo electr\u00f3nico, pinchando en el enlace incluido en el mismo y siguiendo las instrucciones que le sean facilitadas.<\/p>\n<h4><br \/>8. Cambios a la Pol\u00edtica de Privacidad.<\/h4>\n<p>Nuestra Pol\u00edtica de Privacidad podr\u00e1 sufrir actualizaciones, debidas a cambios y necesidades legales, as\u00ed como debidas a mejoras y cambios incluidos en la forma de ofrecer y prestar nuestros servicios. Por ello, le recomendamos que visite y acceda a nuestra Pol\u00edtica de Privacidad peri\u00f3dicamente, para poder tener acceso y conocer los \u00faltimos cambios que hayan podido ser incorporados. En caso de que dichos cambios guarden relaci\u00f3n con el consentimiento prestado por el usuario, en tal caso le ser\u00e1 enviada una notificaci\u00f3n independiente y por separado para recavarlo nuevamente.<\/p>\n<p>Si durante la lectura le ha surgido alguna duda o cuesti\u00f3n sobre nuestra Pol\u00edtica de Privacidad o quiere ejercitar alg\u00fan derecho o acci\u00f3n relativa a sus datos personales, por favor p\u00f3ngase en contacto con nosotros en la siguiente direcci\u00f3n de correo electr\u00f3nico <a href=\"mailto:marcos@juniorfresh.es\">marcos@juniorfresh.es<\/a>.<\/p>\n<p><!-- \/wp:list-item --><\/p>\t\t\t\t\t\t<\/div>\n\t\t\t\t<\/div>\n\t\t\t\t\t<\/div>\n\t\t<\/div>\n\t\t\t\t\t<\/div>\n\t\t<\/section>\n\t\t\t\t<\/div>","protected":false},"excerpt":{"rendered":"<p>1. Pol\u00edtica de Privacidad y Seguridad. La siguiente informaci\u00f3n sobre nuestra Pol\u00edtica de Privacidad refleja el compromiso de JUNIOR FRESH, S.A.U, (en adelante JUNIOR FRESH), como responsable del tratamiento, por mantener y garantizar relaciones comerciales seguras mediante la protecci\u00f3n de los datos personales, garantizando el derecho a la privacidad de cada uno de los usuarios [&hellip;]<\/p>","protected":false},"author":1,"featured_media":0,"parent":0,"menu_order":0,"comment_status":"closed","ping_status":"closed","template":"","meta":{"_acf_changed":false,"inline_featured_image":false,"footnotes":"[]"},"class_list":["post-3","page","type-page","status-publish","hentry"],"acf":[],"_links":{"self":[{"href":"https:\/\/juniorfresh.es\/en\/wp-json\/wp\/v2\/pages\/3","targetHints":{"allow":["GET"]}}],"collection":[{"href":"https:\/\/juniorfresh.es\/en\/wp-json\/wp\/v2\/pages"}],"about":[{"href":"https:\/\/juniorfresh.es\/en\/wp-json\/wp\/v2\/types\/page"}],"author":[{"embeddable":true,"href":"https:\/\/juniorfresh.es\/en\/wp-json\/wp\/v2\/users\/1"}],"replies":[{"embeddable":true,"href":"https:\/\/juniorfresh.es\/en\/wp-json\/wp\/v2\/comments?post=3"}],"version-history":[{"count":41,"href":"https:\/\/juniorfresh.es\/en\/wp-json\/wp\/v2\/pages\/3\/revisions"}],"predecessor-version":[{"id":946,"href":"https:\/\/juniorfresh.es\/en\/wp-json\/wp\/v2\/pages\/3\/revisions\/946"}],"wp:attachment":[{"href":"https:\/\/juniorfresh.es\/en\/wp-json\/wp\/v2\/media?parent=3"}],"curies":[{"name":"wp","href":"https:\/\/api.w.org\/{rel}","templated":true}]}}